{"id":2155,"date":"2015-07-25T17:38:46","date_gmt":"2015-07-25T17:38:46","guid":{"rendered":"http:\/\/www.profumididamasco.com\/?page_id=2155"},"modified":"2017-07-05T14:33:41","modified_gmt":"2017-07-05T14:33:41","slug":"orienttaurus-express","status":"publish","type":"page","link":"https:\/\/www.profumididamasco.com\/?page_id=2155","title":{"rendered":"5. Destinazione Germania"},"content":{"rendered":"<p style=\"text-align: left;\"><img loading=\"lazy\" class=\" wp-image-2163 aligncenter\" title=\"in rosso il viaggio da Istanbul a Monaco\" src=\"http:\/\/www.profumididamasco.com\/wp-content\/uploads\/2015\/07\/OE-tratta-1024x709.png\" alt=\"OE tratta\" width=\"922\" height=\"638\" srcset=\"https:\/\/www.profumididamasco.com\/wp-content\/uploads\/2015\/07\/OE-tratta-1024x709.png 1024w, https:\/\/www.profumididamasco.com\/wp-content\/uploads\/2015\/07\/OE-tratta-300x207.png 300w, https:\/\/www.profumididamasco.com\/wp-content\/uploads\/2015\/07\/OE-tratta.png 1188w\" sizes=\"(max-width: 922px) 100vw, 922px\" \/><\/p>\n<p>Mio padre arriv\u00f2 in Europa nel 1957, in quegli anni si viaggiava in treno. Biglietto di sola andata da Damasco a Monaco passando tramite la Turchia. Lo stesso treno che descrive Aghata Christie nel suo celebre romanzo <i>Assassinio sull\u2019Orient Express<\/i>: \u201cErano circa le 5 di una mattina d&#8217;inverno, in Siria. Lungo il marciapiede della stazione d&#8217;Aleppo era gi\u00e0 formato il treno che gli orari ferroviari internazionali indicavano pomposamente con nome di Taurus Express, e che consisteva in due vetture ordinarie, un vagone-letto e un vagone-ristorante con annesso cucinino.\u201d<\/p>\n<p><a href=\"http:\/\/www.profumididamasco.com\/wp-content\/uploads\/2015\/07\/sham_tea.jpg\"><img loading=\"lazy\" class=\"alignnone alignleft\" style=\"margin-left: 10px; margin-right: 10px;\" title=\"il te' alla siriana\" src=\"http:\/\/www.profumididamasco.com\/wp-content\/uploads\/2015\/07\/sham_tea-300x225.jpg\" alt=\"Optimised by Bayyraq.com\" width=\"243\" height=\"183\" \/><\/a>Pure loro sono partiti in inverno ma al tempo di mio padre i vagoni erano pi\u00f9 numerosi e certamente non tutti si potevano permettere il lusso di mangiare nel vagone-ristorante. Certo, chi sapeva viaggiare si era organizzato bene ma tanti non erano pratici di viaggio e si vedeva di tutto e di pi\u00f9. Erano un gruppo di amici che partivano per gli studi, non sapevano come fosse la Germania o cosa aspettarsi per cui uno di loro part\u00ec con cinque chili di patate e tanta altra roba (che per paura di perdere la connessione a Istanbul li passava agli amici dalla finestra), un altro si era portato appresso tante uova sode da bastare fino alla Germania, con tutti i suoi deliziosi odori! Quello che mi sta pi\u00f9 simpatico, e forse il pi\u00f9 scapestrato, \u00e8 il ragazzo del t\u00e8: si era portato un piccolo fornello a gas sul quale preparava il t\u00e8 per tutta la comitiva, a ogni fermata scendeva per procurarsi l&#8217;acqua. Grazie a Dio non ci sono stati incidenti di nessun genere.<\/p>\n<p><a href=\"http:\/\/www.profumididamasco.com\/wp-content\/uploads\/2015\/07\/Orient-Treno.jpg\"><img loading=\"lazy\" class=\"alignright\" src=\"http:\/\/www.profumididamasco.com\/wp-content\/uploads\/2015\/07\/Orient-Treno-300x202.jpg\" alt=\"Orient Treno\" width=\"300\" height=\"202\" \/><\/a>Mio padre era ben preparato ma ha pagato cara la sua curiosit\u00e0. Apriva e chiudeva qualsiasi cosa che si poteva aprire o chiudere in cabina, ma una corda orizzontale sopra il finestrino lo intrigava tanto&#8230;e la tir\u00f2! Segu\u00ec un fischio fortissimo che obblig\u00f2 il treno a fermarsi in mezzo al tragitto, avevano gi\u00e0 superato Istanbul da un p\u00f2, il controllore corse subito in cabina preoccupato. I ragazzi lo erano ancor di pi\u00f9. Chiese chi avesse tirato la corda e mio padre tranquillo rispose che era lui e che non sapeva fosse il freno d\u2019emergenza. Al tempo non c\u2019erano multe ma \u00e8 stato isolato dai suoi amici e gli avevano detto che una volta arrivati in Bulgaria lo avrebbero consegnato alla polizia locale&#8230;ma una volta giunti a destinazione ci hanno ripensato e l\u2019hanno lasciato continuare il viaggio.<\/p>\n<p>by Alia<\/p>\n<div id=\"attachment_2166\" style=\"width: 757px\" class=\"wp-caption alignnone\"><a href=\"http:\/\/www.profumididamasco.com\/wp-content\/uploads\/2015\/07\/oldies-monaco-7-e1437745222121.jpg\"><img aria-describedby=\"caption-attachment-2166\" loading=\"lazy\" class=\" wp-image-2166 \" src=\"http:\/\/www.profumididamasco.com\/wp-content\/uploads\/2015\/07\/oldies-monaco-7-e1437745222121-1024x693.jpg\" alt=\"mio padre negli anni '60\" width=\"747\" height=\"506\" srcset=\"https:\/\/www.profumididamasco.com\/wp-content\/uploads\/2015\/07\/oldies-monaco-7-e1437745222121-1024x693.jpg 1024w, https:\/\/www.profumididamasco.com\/wp-content\/uploads\/2015\/07\/oldies-monaco-7-e1437745222121-300x203.jpg 300w, https:\/\/www.profumididamasco.com\/wp-content\/uploads\/2015\/07\/oldies-monaco-7-e1437745222121.jpg 1377w\" sizes=\"(max-width: 747px) 100vw, 747px\" \/><\/a><p id=\"caption-attachment-2166\" class=\"wp-caption-text\">mio padre negli anni &#8217;60<\/p><\/div>\n<p style=\"text-align: left;\">\n","protected":false},"excerpt":{"rendered":"<p>Mio padre arriv\u00f2 in Europa nel 1957, in quegli anni si viaggiava in treno. Biglietto di sola andata da Damasco a Monaco passando tramite la Turchia. Lo stesso treno che descrive Aghata Christie nel suo celebre romanzo Assassinio sull\u2019Orient Express: \u201cErano circa le 5 di una mattina d&#8217;inverno, in Siria. Lungo il marciapiede della stazione  &hellip;  <a class=\"cp-read-more\" href=\"https:\/\/www.profumididamasco.com\/?page_id=2155\">Continua a leggere<span class=\"meta-nav\">&rarr;<\/span><\/a><\/p>\n","protected":false},"author":1,"featured_media":2159,"parent":0,"menu_order":5,"comment_status":"open","ping_status":"closed","template":"","meta":{"wprm-recipe-roundup-name":"","wprm-recipe-roundup-description":""},"_links":{"self":[{"href":"https:\/\/www.profumididamasco.com\/index.php?rest_route=\/wp\/v2\/pages\/2155"}],"collection":[{"href":"https:\/\/www.profumididamasco.com\/index.php?rest_route=\/wp\/v2\/pages"}],"about":[{"href":"https:\/\/www.profumididamasco.com\/index.php?rest_route=\/wp\/v2\/types\/page"}],"author":[{"embeddable":true,"href":"https:\/\/www.profumididamasco.com\/index.php?rest_route=\/wp\/v2\/users\/1"}],"replies":[{"embeddable":true,"href":"https:\/\/www.profumididamasco.com\/index.php?rest_route=%2Fwp%2Fv2%2Fcomments&post=2155"}],"version-history":[{"count":28,"href":"https:\/\/www.profumididamasco.com\/index.php?rest_route=\/wp\/v2\/pages\/2155\/revisions"}],"predecessor-version":[{"id":2529,"href":"https:\/\/www.profumididamasco.com\/index.php?rest_route=\/wp\/v2\/pages\/2155\/revisions\/2529"}],"wp:featuredmedia":[{"embeddable":true,"href":"https:\/\/www.profumididamasco.com\/index.php?rest_route=\/wp\/v2\/media\/2159"}],"wp:attachment":[{"href":"https:\/\/www.profumididamasco.com\/index.php?rest_route=%2Fwp%2Fv2%2Fmedia&parent=2155"}],"curies":[{"name":"wp","href":"https:\/\/api.w.org\/{rel}","templated":true}]}}