{"id":1435,"date":"2014-04-23T11:22:45","date_gmt":"2014-04-23T11:22:45","guid":{"rendered":"http:\/\/www.profumididamasco.com\/?page_id=1435"},"modified":"2021-03-19T13:57:19","modified_gmt":"2021-03-19T13:57:19","slug":"%d8%a7%d9%84%d8%ac%d8%a7%d8%b1-%d9%82%d9%8e%d8%a8%d9%84-%d8%a7%d9%84%d8%af%d9%91%d8%a7%d8%b1","status":"publish","type":"page","link":"https:\/\/www.profumididamasco.com\/?page_id=1435","title":{"rendered":"3. Prima il tuo vicino e poi la casa"},"content":{"rendered":"<div id=\"attachment_1436\" style=\"width: 405px\" class=\"wp-caption aligncenter\"><img aria-describedby=\"caption-attachment-1436\" loading=\"lazy\" class=\"size-large wp-image-1436 wp-caption aligncenter\" title=\"\" src=\"http:\/\/www.profumididamasco.com\/wp-content\/uploads\/2014\/02\/taqa-823x1024.jpg\" alt=\"taqa\" width=\"395\" height=\"491\" srcset=\"https:\/\/www.profumididamasco.com\/wp-content\/uploads\/2014\/02\/taqa-823x1024.jpg 823w, https:\/\/www.profumididamasco.com\/wp-content\/uploads\/2014\/02\/taqa-241x300.jpg 241w, https:\/\/www.profumididamasco.com\/wp-content\/uploads\/2014\/02\/taqa.jpg 1646w\" sizes=\"(max-width: 395px) 100vw, 395px\" \/><p id=\"caption-attachment-1436\" class=\"wp-caption-text\">Casa Azem_ Hama \u00a9 Gardens of Delights<\/p><\/div>\n<p>\u0627\u0644\u062c\u0627\u0631 \u0642\u064e\u0628\u0644 \u0627\u0644\u062f\u0651\u0627\u0631\u00a0&#8211; Al Jar Qabl al-Dar<\/p>\n<p>Quanto amo le case a corte delle citt\u00e0 siriane, fresche d\u2019estate e temperate d\u2019inverno, piene di vita vissuta, piante e colori.<\/p>\n<p>Un elemento immancabile della casa araba (cos\u00ec viene chiamata) \u00e8 la fontana, tanto rilassante quanto utile per tenere al fresco la frutta che si sarebbe mangiata la sera, per le attivit\u00e0 quotidiane di pulizia e come punto d\u2019incontro della famiglia e di gioco per bambini.<br \/>\nImmancabili erano anche le piante aromatiche e adornanti tra cui il limone, l\u2019arancio, la menta, la rosa e il gelsomino.<\/p>\n<p>Tra i ricordi dei miei genitori legati alla loro casa d\u2019infanzia c&#8217;\u00e8 una finestrella molto particolare, chiamata Taqa. Una finestra di dimensioni piccole e la sua particolarit\u00e0 \u00e8 che si apriva direttamente verso i vicini di casa.<br \/>\nErano i proprietari di casa a decidere se e dove posizionarla, spesso era situata in una zona un po\u2019 appartata come l\u2019atrio d\u2019entrata. C\u2019era poi chi preferiva averla affacciata direttamente sulla corte. Il facebook dei tempi passati!<\/p>\n<p>Oltre allo scambio di chiacchere serviva molto spesso come passavivande. La donna di casa chiamava la vicina e se questa era in casa le passava un piatto della pietanza che aveva cucinato quel giorno.<\/p>\n<p>Immagino che dovesse essere una piacevole sorpresa!<\/p>\n<p>by Alia Himmat<\/p>\n","protected":false},"excerpt":{"rendered":"<p>\u0627\u0644\u062c\u0627\u0631 \u0642\u064e\u0628\u0644 \u0627\u0644\u062f\u0651\u0627\u0631\u00a0&#8211; Al Jar Qabl al-Dar Quanto amo le case a corte delle citt\u00e0 siriane, fresche d\u2019estate e temperate d\u2019inverno, piene di vita vissuta, piante e colori. Un elemento immancabile della casa araba (cos\u00ec viene chiamata) \u00e8 la fontana, tanto rilassante quanto utile per tenere al fresco la frutta che si sarebbe mangiata la  &hellip;  <a class=\"cp-read-more\" href=\"https:\/\/www.profumididamasco.com\/?page_id=1435\">Continua a leggere<span class=\"meta-nav\">&rarr;<\/span><\/a><\/p>\n","protected":false},"author":1,"featured_media":0,"parent":0,"menu_order":3,"comment_status":"open","ping_status":"closed","template":"","meta":{"wprm-recipe-roundup-name":"","wprm-recipe-roundup-description":""},"_links":{"self":[{"href":"https:\/\/www.profumididamasco.com\/index.php?rest_route=\/wp\/v2\/pages\/1435"}],"collection":[{"href":"https:\/\/www.profumididamasco.com\/index.php?rest_route=\/wp\/v2\/pages"}],"about":[{"href":"https:\/\/www.profumididamasco.com\/index.php?rest_route=\/wp\/v2\/types\/page"}],"author":[{"embeddable":true,"href":"https:\/\/www.profumididamasco.com\/index.php?rest_route=\/wp\/v2\/users\/1"}],"replies":[{"embeddable":true,"href":"https:\/\/www.profumididamasco.com\/index.php?rest_route=%2Fwp%2Fv2%2Fcomments&post=1435"}],"version-history":[{"count":55,"href":"https:\/\/www.profumididamasco.com\/index.php?rest_route=\/wp\/v2\/pages\/1435\/revisions"}],"predecessor-version":[{"id":3051,"href":"https:\/\/www.profumididamasco.com\/index.php?rest_route=\/wp\/v2\/pages\/1435\/revisions\/3051"}],"wp:attachment":[{"href":"https:\/\/www.profumididamasco.com\/index.php?rest_route=%2Fwp%2Fv2%2Fmedia&parent=1435"}],"curies":[{"name":"wp","href":"https:\/\/api.w.org\/{rel}","templated":true}]}}